{"id":286,"date":"2022-11-02T16:52:14","date_gmt":"2022-11-02T19:52:14","guid":{"rendered":"https:\/\/mundovoa.meeg.app\/?page_id=286"},"modified":"2023-09-08T16:04:36","modified_gmt":"2023-09-08T19:04:36","slug":"sobre","status":"publish","type":"page","link":"https:\/\/mundovoa.meeg.app\/index.php\/sobre\/","title":{"rendered":"A Voa"},"content":{"rendered":"\n<p>Nasceu em abril de 2016 no intuito de sanar necessidades do mercado e inovar no setor de telecomunica\u00e7\u00f5es do Rio Grande do Sul, ofertando servi\u00e7os de internet e telefonia fixa.<\/p>\n\n\n\n<p>Nosso prop\u00f3sito \u00e9 trazer mais facilidade, intelig\u00eancia e entusiamo para as pessoas.<\/p>\n\n\n\n<p><strong>Vem com a gente e abrace seu mundo<\/strong><\/p>\n","protected":false},"excerpt":{"rendered":"<p>Nasceu em abril de 2016 no intuito de sanar necessidades do mercado e inovar no setor de telecomunica\u00e7\u00f5es do Rio Grande do Sul, ofertando servi\u00e7os de internet e telefonia fixa. Nosso prop\u00f3sito \u00e9 trazer mais facilidade, intelig\u00eancia e entusiamo para as pessoas. Vem com a gente e abrace seu mundo<\/p>\n","protected":false},"author":2,"featured_media":0,"parent":0,"menu_order":0,"comment_status":"closed","ping_status":"closed","template":"","meta":[],"_links":{"self":[{"href":"https:\/\/mundovoa.meeg.app\/index.php\/wp-json\/wp\/v2\/pages\/286"}],"collection":[{"href":"https:\/\/mundovoa.meeg.app\/index.php\/wp-json\/wp\/v2\/pages"}],"about":[{"href":"https:\/\/mundovoa.meeg.app\/index.php\/wp-json\/wp\/v2\/types\/page"}],"author":[{"embeddable":true,"href":"https:\/\/mundovoa.meeg.app\/index.php\/wp-json\/wp\/v2\/users\/2"}],"replies":[{"embeddable":true,"href":"https:\/\/mundovoa.meeg.app\/index.php\/wp-json\/wp\/v2\/comments?post=286"}],"version-history":[{"count":6,"href":"https:\/\/mundovoa.meeg.app\/index.php\/wp-json\/wp\/v2\/pages\/286\/revisions"}],"predecessor-version":[{"id":479,"href":"https:\/\/mundovoa.meeg.app\/index.php\/wp-json\/wp\/v2\/pages\/286\/revisions\/479"}],"wp:attachment":[{"href":"https:\/\/mundovoa.meeg.app\/index.php\/wp-json\/wp\/v2\/media?parent=286"}],"curies":[{"name":"wp","href":"https:\/\/api.w.org\/{rel}","templated":true}]}}