{"id":614,"date":"2024-06-20T13:22:17","date_gmt":"2024-06-20T16:22:17","guid":{"rendered":"https:\/\/mundovoa.meeg.app\/?page_id=614"},"modified":"2024-06-20T17:02:57","modified_gmt":"2024-06-20T20:02:57","slug":"regulamento-indique-e-ganhe","status":"publish","type":"page","link":"https:\/\/mundovoa.meeg.app\/index.php\/regulamento-indique-e-ganhe\/","title":{"rendered":"Regulamento Indique e Ganhe"},"content":{"rendered":"\n<p>O presente Regulamento do Programa (\u201cRegulamento\u201d) tem a finalidade de registrar as caracter\u00edsticas do PROGRAMA INDIQUE E GANHE \u2013 VOA FIBRA (\u201cPrograma\u201d), e regular as rela\u00e7\u00f5es entre a VOA TELECOMUNICA\u00c7\u00d5ES LTDA (\u201cVOA\u201d), inscrita no CNPJ sob n.\u00ba 23.935.237\/0001-60, com sede na Rua Vinte e Cinco de Julho, n.\u00ba 1033, Loja 1, bairro Rio Branco, Novo Hamburgo\/RS \u2013 CEP 93.310-251, o Cliente que aderir a este Programa (\u201cINDICADOR\u201d), e o Cliente novo cuja contrata\u00e7\u00e3o seja realizada por indica\u00e7\u00e3o do Indicador (\u201cINDICADO\u201d), para fins de cumprimento desta oferta, que declaram estar cientes e concordam com todas as disposi\u00e7\u00f5es relacionadas a este Regulamento.<\/p>\n\n\n\n<p>Este Programa n\u00e3o \u00e9 cumulativo com outras promo\u00e7\u00f5es e programas n\u00e3o dispostos expressamente neste documento, salvo se de outra forma expressamente for definido pela VOA.<\/p>\n\n\n\n<p>1 DESCRI\u00c7\u00c3O DO PROGRAMA E BENEF\u00cdCIOS<\/p>\n\n\n\n<p>1.1. O INDICADOR que promover a indica\u00e7\u00e3o de uma pessoa f\u00edsica ou jur\u00eddica que efetivamente realizar a contrata\u00e7\u00e3o de um plano internet fibra ofertado pela VOA, receber\u00e1, junto com o seu INDICADO, um cashback de R$ 50,00 (cinquenta reais) cada, concedido na forma de desconto na fatura, observadas as condi\u00e7\u00f5es deste Regulamento.<\/p>\n\n\n\n<p>2 PROCEDIMENTO PARA PARTICIPA\u00c7\u00c3O NO PROGRAMA<\/p>\n\n\n\n<p>2.1. O INDICADOR que desejar participar do Programa e realizar indica\u00e7\u00f5es dever\u00e1 se cadastrar por meio do portal do Programa disponibilizado pela VOA, atrav\u00e9s do link https:\/\/mundovoa.telpag.com\/indique.<\/p>\n\n\n\n<p>2.2. Ap\u00f3s a realiza\u00e7\u00e3o do cadastro, o INDICADOR receber\u00e1 um link de indica\u00e7\u00f5es pr\u00f3prio e intransfer\u00edvel, o qual poder\u00e1 divulgar para os potenciais INDICADOS. O link do INDICADOR ser\u00e1 no seguinte formato: https:\/\/mundovoa.telpag.com\/indique\/XXXXXXXXXXX.<\/p>\n\n\n\n<p>2.2.1. O INDICADOR poder\u00e1 realizar o compartilhamento do seu link pessoal por quaisquer meios, incluindo Whatsapp, Facebook, Messenger (Facebook), e-mail ou X (antigo Twitter) etc.<\/p>\n\n\n\n<p>2.3. O INDICADOR que realizar o cadastro ter\u00e1 acesso a um painel pr\u00f3prio onde poder\u00e1 acompanhar as suas indica\u00e7\u00f5es. O link para acesso ao painel do INDICADOR ser\u00e1 no seguinte formato: https:\/\/mundovoa.telpag.com\/embaixador\/XXXXXXXXXXX.<\/p>\n\n\n\n<p>2.4. O INDICADO dever\u00e1 promover a contrata\u00e7\u00e3o do plano exclusivamente por meio do link fornecido pelo INDICADOR. N\u00e3o ser\u00e3o contabilizadas para fins deste Programa as contrata\u00e7\u00f5es realizadas por quaisquer canais de atendimento diversos do link pr\u00f3prio do INDICADOR.<\/p>\n\n\n\n<p>3. CONDI\u00c7\u00d5ES PARA RECEBIMENTO DOS BENEF\u00cdCIOS<\/p>\n\n\n\n<p>3.1. Para que a indica\u00e7\u00e3o seja considerada v\u00e1lida para fins deste Programa, o INDICADOR dever\u00e1 compartilhar o link com o potencial INDICADO, que por sua vez dever\u00e1 efetivar a contrata\u00e7\u00e3o exclusivamente por meio do link do INDICADOR.<\/p>\n\n\n\n<p>3.1.1. Para fins de validade da indica\u00e7\u00e3o, o INDICADO dever\u00e1 efetivar a contrata\u00e7\u00e3o com a VOA no prazo m\u00e1ximo de 30 (trinta) dias contados do recebimento da indica\u00e7\u00e3o. Caso a contrata\u00e7\u00e3o seja efetivada ap\u00f3s esse prazo e\/ou por quaisquer outros canais de contrata\u00e7\u00e3o, n\u00e3o ser\u00e1 contabilizada para fins deste Programa.<\/p>\n\n\n\n<p>3.1.2. A contrata\u00e7\u00e3o do plano pelo INDICADO ser\u00e1 considerada efetivamente realizada quando ocorrer a assinatura do contrato de presta\u00e7\u00e3o de servi\u00e7os e instala\u00e7\u00e3o no endere\u00e7o indicado por esse.<\/p>\n\n\n\n<p>3.1.3. A indica\u00e7\u00e3o se torna apta para gerar o cashback no prazo de 7 dias ap\u00f3s a instala\u00e7\u00e3o. Caso o INDICADO cancele os servi\u00e7os dentro do prazo de 7 dias ap\u00f3s a instala\u00e7\u00e3o, a indica\u00e7\u00e3o ser\u00e1 cancelada, e n\u00e3o ser\u00e1 creditado o benef\u00edcio tanto para o INDICADOR quanto para o INDICADO.<\/p>\n\n\n\n<p>3.2. O INDICADO n\u00e3o poder\u00e1 ser beneficiado com esta oferta mais de uma vez, contudo, a partir do momento que se tornar Cliente da VOA, poder\u00e1 se cadastrar como INDICADOR e receber novos benef\u00edcios ao realizar indica\u00e7\u00f5es.<\/p>\n\n\n\n<p>3.3. O benef\u00edcio de cashback ser\u00e1 concedido exclusivamente na forma de desconto em uma fatura dos servi\u00e7os contratados, tanto para o INDICADOR quanto para o INDICADO.<\/p>\n\n\n\n<p>3.3.1. Ap\u00f3s a indica\u00e7\u00e3o ser validada e estar apta ao Programa, considerando os termos deste Regulamento, o cashback ser\u00e1 gerado para o INDICADOR no pr\u00f3ximo ciclo de faturamento, dentro do prazo de at\u00e9 45 dias. Para o INDICADO, o cashback ocorrer\u00e1 na primeira fatura.<\/p>\n\n\n\n<p>3.4. Os cashbacks de indica\u00e7\u00f5es do INDICADOR s\u00e3o acumulativos, contudo, n\u00e3o poder\u00e3o ser usufru\u00eddos em uma mesma fatura. Por exemplo, caso um INDICADOR fa\u00e7a duas indica\u00e7\u00f5es v\u00e1lidas para este Programa em um determinado m\u00eas, os cashbacks ser\u00e3o divididos em duas faturas, e assim sucessivamente.<\/p>\n\n\n\n<p>3.4.1. Caso o INDICADOR tenha cashbacks acumulados e cancele o seu plano com a VOA, perder\u00e1 o direito ao benef\u00edcio, sem qualquer direito a reembolso, indeniza\u00e7\u00e3o ou pagamento. O cashback tamb\u00e9m n\u00e3o poder\u00e1 ser utilizado para abatimento de eventual multa ou outros d\u00e9bitos com a VOA.<\/p>\n\n\n\n<p>4. ELEGIBILIDADE<\/p>\n\n\n\n<p>4.1. Poder\u00e3o participar do Programa, na condi\u00e7\u00e3o de INDICADOR, todos os clientes de planos de internet fibra \u00f3ptica da VOA, pessoa f\u00edsica ou jur\u00eddica, dotados de plena capacidade civil.<\/p>\n\n\n\n<p>4.2. Poder\u00e3o participar do Programa, na condi\u00e7\u00e3o de INDICADO, qualquer pessoa, f\u00edsica ou jur\u00eddica, que n\u00e3o seja cliente da VOA e promova a contrata\u00e7\u00e3o de algum plano de internet fibra \u00f3ptica a partir do link de algum INDICADOR.<\/p>\n\n\n\n<p>4.3. N\u00e3o haver\u00e1 limite de indica\u00e7\u00f5es por parte do INDICADOR, ressalvadas as restri\u00e7\u00f5es de uso dos benef\u00edcios dispostas no presente instrumento.<\/p>\n\n\n\n<p>4.4. Identificado o mau uso do Programa, incluindo mas n\u00e3o se limitando a situa\u00e7\u00f5es de revenda dos benef\u00edcios promocionais, retirando o car\u00e1ter de uso pessoal da oferta, a VOA poder\u00e1 restringir o acesso do INDICADOR a essa, inclusive cancelando o respectivo cadastro no Programa.<\/p>\n\n\n\n<p>5. OUTRAS RESTRI\u00c7\u00d5ES<\/p>\n\n\n\n<p>5.1. Os benef\u00edcios previstos para o presente Programa s\u00e3o pessoais e intransfer\u00edveis, n\u00e3o cumulativos com outros benef\u00edcios de programas ou promo\u00e7\u00f5es diversas. Salvo na hip\u00f3tese de eventual promo\u00e7\u00e3o de servi\u00e7os ofertada pela VOA, que a seu exclusivo crit\u00e9rio, poder\u00e1 ser aplicada cumulativamente a esta promo\u00e7\u00e3o.<\/p>\n\n\n\n<p>5.2. O presente programa n\u00e3o \u00e9 aplic\u00e1vel para INDICADORES ou INDICADOS que sejam funcion\u00e1rios, colaboradores, prestadores de servi\u00e7os, parceiros, ou parceiros da VOA que de qualquer forma, direta ou indiretamente, possam receber qualquer benef\u00edcio, bonifica\u00e7\u00e3o ou remunera\u00e7\u00e3o em raz\u00e3o da venda\/indica\u00e7\u00e3o de planos ofertados pela VOA.<\/p>\n\n\n\n<p>5.3. O INDICADOR e INDICADO reconhecem e concordam que ser\u00e3o respons\u00e1veis pelo pagamento do saldo das respectivas faturas, descontado o cashback decorrente do Programa.<\/p>\n\n\n\n<p>6. PRAZO DE VIG\u00caNCIA<\/p>\n\n\n\n<p>6.1. O presente Programa viger\u00e1 por prazo indeterminado, podendo a VOA promover altera\u00e7\u00f5es ou a extin\u00e7\u00e3o a qualquer tempo, sem a necessidade de comunica\u00e7\u00e3o com anteced\u00eancia m\u00ednima.<\/p>\n\n\n\n<p>6.2. Na hip\u00f3tese de extin\u00e7\u00e3o do Programa, n\u00e3o haver\u00e1 mais a possibilidade de novas indica\u00e7\u00f5es a partir dessa data, mesmo que o INDICADOR j\u00e1 tenha compartilhado o seu link com o potencial INDICADO.<\/p>\n\n\n\n<p>6.3. Ades\u00f5es e\/ou ativa\u00e7\u00f5es fora do prazo de vig\u00eancia deste Programa n\u00e3o geram qualquer direito ao INDICADOR nem ao INDICADO, tampouco qualquer outra compensa\u00e7\u00e3o, seja a que t\u00edtulo for.<\/p>\n\n\n\n<p>7. CONDI\u00c7\u00d5ES GERAIS<\/p>\n\n\n\n<p>7.1. Por este Regulamento o INDICADOR e INDICADO comprometem-se a respeitar as regras de participa\u00e7\u00e3o no Programa, aqui contidas e explicitadas, declarando conhecer todos os termos do presente Regulamento, obrigando-se a respeit\u00e1-lo integralmente.<\/p>\n\n\n\n<p>7.2. A ades\u00e3o a este Programa implica em aceita\u00e7\u00e3o plena e total das condi\u00e7\u00f5es e regras descritas no presente Regulamento, bem como das pol\u00edticas e procedimentos da VOA, e ainda das condi\u00e7\u00f5es comerciais e regulamentares da VOA para a ativa\u00e7\u00e3o do plano.<\/p>\n\n\n\n<p>7.3. Quest\u00f5es n\u00e3o previstas e eventuais d\u00favidas relativas a este Regulamento dever\u00e3o ser dirimidas pela VOA, de forma que o posicionamento ser\u00e1 irrecorr\u00edvel.<\/p>\n\n\n\n<p>7.4. O presente Programa poder\u00e1 ser suspenso ou cancelado a qualquer tempo pela VOA, em caso de qualquer suspeita de mau uso desta pelo INDICADOR e\/ou INDICADO, o que n\u00e3o enseja, em nenhuma das hip\u00f3teses, qualquer indeniza\u00e7\u00e3o ou direito a esses.<\/p>\n\n\n\n<p>7.5. O presente Regulamento encontra-se dispon\u00edvel em www.mundovoa.com e obriga herdeiros e\/ou sucessores, sendo eleito o foro da cidade de Novo Hamburgo\/RS como \u00fanico e exclusivo para dirimir as quest\u00f5es oriundas deste Regulamento, com exclus\u00e3o a qualquer outro por mais privilegiado que seja ou venha a ser.<\/p>\n\n\n\n<p>Novo Hamburgo, 23 de maio de 2024.<\/p>\n\n\n\n<p>VOA TELECOMUNICA\u00c7\u00d5ES LTDA<\/p>\n","protected":false},"excerpt":{"rendered":"<p>O presente Regulamento do Programa (\u201cRegulamento\u201d) tem a finalidade de registrar as caracter\u00edsticas do PROGRAMA INDIQUE E GANHE \u2013 VOA FIBRA (\u201cPrograma\u201d), e regular as rela\u00e7\u00f5es entre a VOA TELECOMUNICA\u00c7\u00d5ES LTDA (\u201cVOA\u201d), inscrita no CNPJ sob n.\u00ba 23.935.237\/0001-60, com sede na Rua Vinte e Cinco de Julho, n.\u00ba 1033, Loja 1, bairro Rio Branco, Novo&hellip; <a class=\"more-link\" href=\"https:\/\/mundovoa.meeg.app\/index.php\/regulamento-indique-e-ganhe\/\">Continuar lendo <span class=\"screen-reader-text\">Regulamento Indique e Ganhe<\/span><\/a><\/p>\n","protected":false},"author":6,"featured_media":0,"parent":0,"menu_order":0,"comment_status":"closed","ping_status":"closed","template":"","meta":[],"_links":{"self":[{"href":"https:\/\/mundovoa.meeg.app\/index.php\/wp-json\/wp\/v2\/pages\/614"}],"collection":[{"href":"https:\/\/mundovoa.meeg.app\/index.php\/wp-json\/wp\/v2\/pages"}],"about":[{"href":"https:\/\/mundovoa.meeg.app\/index.php\/wp-json\/wp\/v2\/types\/page"}],"author":[{"embeddable":true,"href":"https:\/\/mundovoa.meeg.app\/index.php\/wp-json\/wp\/v2\/users\/6"}],"replies":[{"embeddable":true,"href":"https:\/\/mundovoa.meeg.app\/index.php\/wp-json\/wp\/v2\/comments?post=614"}],"version-history":[{"count":3,"href":"https:\/\/mundovoa.meeg.app\/index.php\/wp-json\/wp\/v2\/pages\/614\/revisions"}],"predecessor-version":[{"id":625,"href":"https:\/\/mundovoa.meeg.app\/index.php\/wp-json\/wp\/v2\/pages\/614\/revisions\/625"}],"wp:attachment":[{"href":"https:\/\/mundovoa.meeg.app\/index.php\/wp-json\/wp\/v2\/media?parent=614"}],"curies":[{"name":"wp","href":"https:\/\/api.w.org\/{rel}","templated":true}]}}